{"id":61,"date":"2022-03-08T13:02:30","date_gmt":"2022-03-08T12:02:30","guid":{"rendered":"https:\/\/impreza44.us-themes.com\/?page_id=43"},"modified":"2024-03-22T07:52:11","modified_gmt":"2024-03-22T06:52:11","slug":"der-moseltransfer","status":"publish","type":"page","link":"https:\/\/gueter.gonzalez-transporte.de\/en\/","title":{"rendered":"Die G\u00fctertransporte"},"content":{"rendered":"<section class=\"l-section wpb_row us_custom_539f15ee height_auto width_full\"><div class=\"l-section-h i-cf\"><div class=\"g-cols vc_row via_grid cols_1 laptops-cols_inherit tablets-cols_inherit mobiles-cols_1 valign_bottom type_default stacking_default\"><div class=\"wpb_column vc_column_container us_custom_a3b813ab has_bg_color\"><div class=\"vc_column-inner\"><h1 class=\"w-text us_custom_f4c2e27e has_text_color\"><span class=\"w-text-h\"><span class=\"w-text-value\">G\u00dcTER<br \/>Gonzalez-Transporte<br \/>GmbH &#038; Co. KG<\/span><\/span><\/h1><\/div><\/div><\/div><\/div><\/section><section class=\"l-section wpb_row height_small\" id=\"leistungen\"><div class=\"l-section-h i-cf\"><div class=\"g-cols vc_row via_grid cols_1 laptops-cols_inherit tablets-cols_inherit mobiles-cols_1 valign_top type_default stacking_default\"><div class=\"wpb_column vc_column_container us_custom_f46dbe48 has_text_color has_bg_color\"><div class=\"vc_column-inner\"><h2 class=\"w-text us_custom_39c400af has_text_color\"><span class=\"w-text-h\"><span class=\"w-text-value\">Unsere Leistung<\/span><\/span><\/h2><h3 class=\"w-text us_custom_eb849559\"><span class=\"w-text-h\"><span class=\"w-text-value\">Wir sind Ihr zuverl\u00e4ssiger Partner f\u00fcr den Transport Ihrer G\u00fcter und Waren.<\/span><\/span><\/h3><div class=\"g-cols wpb_row us_custom_ad48bfb5 via_grid cols_1 laptops-cols_inherit tablets-cols_1 mobiles-cols_1 valign_top type_default stacking_default\" style=\"--gap:1.8rem;\"><div class=\"wpb_column vc_column_container\"><div class=\"vc_column-inner\"><div class=\"w-vwrapper align_none valign_middle\"><div class=\"w-image us_custom_20d2016d us_animate_this align_center\"><div class=\"w-image-h\"><img decoding=\"async\" width=\"300\" height=\"300\" src=\"https:\/\/gueter.gonzalez-transporte.de\/wp-content\/uploads\/2024\/03\/guetertransporte-bis-3-5-tonnen-deutschlandweit.svg\" class=\"attachment-medium size-medium\" alt=\"Wir transportieren Ihre Waren und G\u00fcter Deutschlandweit bis zu 3,5 Tonnen.\" loading=\"lazy\" \/><\/div><\/div><h5 class=\"w-text us_custom_58b1af09\"><span class=\"w-text-h\"><span class=\"w-text-value\">G\u00fcter Transporte<\/span><\/span><\/h5><div class=\"wpb_text_column us_custom_eb849559\"><div class=\"wpb_wrapper\"><\/div><\/div><\/div><\/div><\/div><\/div><div class=\"w-btn-wrapper align_center\"><a class=\"w-btn us-btn-style_1 icon_atleft\" href=\" https:\/\/gueter.gonzalez-transporte.de\/transportauftrag\/\"><i class=\"fas fa-hands-helping\"><\/i><span class=\"w-btn-label\">Jetzt Transport beauftragen<\/span><\/a><\/div><\/div><\/div><\/div><\/div><\/section><section class=\"l-section wpb_row release-hide height_large\" id=\"blog\"><div class=\"l-section-overlay\" style=\"background:var(--color-content-border)\"><\/div><div class=\"l-section-h i-cf\"><div class=\"g-cols vc_row via_grid cols_1 laptops-cols_inherit tablets-cols_inherit mobiles-cols_1 valign_top type_default stacking_default\"><div class=\"wpb_column vc_column_container\"><div class=\"vc_column-inner\"><h2 class=\"w-text us_custom_bcf43f30 has_text_color\"><span class=\"w-text-h\"><span class=\"w-text-value\">Blog<\/span><\/span><\/h2><div class=\"w-grid us_custom_c46c2fa3 type_carousel layout_737 hidden cols_3\" id=\"us_grid_1\" style=\"--gap:1.5rem;\"><style>.layout_737 .w-grid-item-h{}.layout_737 .usg_post_image_1{transition-duration:0.3s;transform-origin:50% 50%;transform:scale(1) translate(0%,0%);opacity:0.85}.layout_737 .w-grid-item-h:hover .usg_post_image_1{transform:scale(1) translate(0%,0%);opacity:1}.layout_737 .usg_vwrapper_1{margin-bottom:20px!important;padding:0!important;background:#ffffff!important}.layout_737 .usg_vwrapper_2{height:100%!important;max-height:260px!important;padding:20px!important;background:#ffffff!important}.layout_737 .usg_post_date_2{margin-bottom:20px!important}.layout_737 .usg_post_title_2{color:var(--color-content-link)!important;font-weight:500!important;margin-bottom:40px!important}<\/style><div class=\"w-grid-list owl-carousel navstyle_circle navpos_outside with_dots\" style=\"--arrows-size:1.8rem;\"><\/div>\t<div class=\"g-preloader type_1\">\r\n\t\t<div><\/div>\r\n\t<\/div>\r\n\t\t<div class=\"w-grid-json hidden\" onclick='return {&quot;action&quot;:&quot;us_ajax_grid&quot;,&quot;infinite_scroll&quot;:0,&quot;max_num_pages&quot;:0,&quot;pagination&quot;:&quot;none&quot;,&quot;template_vars&quot;:{&quot;columns&quot;:&quot;3&quot;,&quot;exclude_items&quot;:&quot;none&quot;,&quot;img_size&quot;:&quot;default&quot;,&quot;ignore_items_size&quot;:0,&quot;items_layout&quot;:&quot;737&quot;,&quot;items_offset&quot;:&quot;1&quot;,&quot;load_animation&quot;:&quot;none&quot;,&quot;overriding_link&quot;:&quot;{\\&quot;url\\&quot;:\\&quot;\\&quot;}&quot;,&quot;post_id&quot;:0,&quot;query_args&quot;:{&quot;post_type&quot;:[&quot;post&quot;],&quot;tax_query&quot;:[{&quot;taxonomy&quot;:&quot;category&quot;,&quot;field&quot;:&quot;slug&quot;,&quot;terms&quot;:[&quot;informationen-zur-region&quot;]}],&quot;post_status&quot;:[&quot;publish&quot;],&quot;posts_per_page&quot;:&quot;3&quot;},&quot;orderby_query_args&quot;:{&quot;orderby&quot;:{&quot;date&quot;:&quot;DESC&quot;}},&quot;type&quot;:&quot;carousel&quot;,&quot;us_grid_ajax_index&quot;:1,&quot;us_grid_filter_params&quot;:[],&quot;us_grid_index&quot;:1,&quot;_us_grid_post_type&quot;:&quot;post&quot;,&quot;page_args&quot;:[]},&quot;carousel_settings&quot;:{&quot;autoHeight&quot;:0,&quot;autoplay&quot;:1,&quot;carousel_fade&quot;:0,&quot;center&quot;:0,&quot;dots&quot;:1,&quot;items&quot;:&quot;3&quot;,&quot;loop&quot;:true,&quot;nav&quot;:1,&quot;slideby&quot;:&quot;1&quot;,&quot;smooth_play&quot;:0,&quot;speed&quot;:250,&quot;timeout&quot;:6000,&quot;transition&quot;:&quot;&quot;,&quot;aria_labels&quot;:{&quot;prev&quot;:&quot;Previous&quot;,&quot;next&quot;:&quot;Next&quot;}},&quot;carousel_breakpoints&quot;:{&quot;0&quot;:{&quot;autoHeight&quot;:1,&quot;autoplay&quot;:1,&quot;autoplayHoverPause&quot;:1,&quot;items&quot;:1,&quot;loop&quot;:true,&quot;stagePadding&quot;:0},&quot;601&quot;:{&quot;autoHeight&quot;:0,&quot;autoplay&quot;:1,&quot;autoplayHoverPause&quot;:1,&quot;items&quot;:2,&quot;loop&quot;:true,&quot;stagePadding&quot;:0},&quot;1025&quot;:{&quot;autoHeight&quot;:0,&quot;autoplay&quot;:1,&quot;autoplayHoverPause&quot;:1,&quot;items&quot;:3,&quot;loop&quot;:true,&quot;stagePadding&quot;:0},&quot;1281&quot;:{&quot;items&quot;:3,&quot;stagePadding&quot;:0}}}'><\/div>\r\n\t<\/div><div class=\"w-grid-none type_message\">No results found.<\/div><div class=\"w-btn-wrapper align_center\"><a class=\"w-btn us-btn-style_1 icon_atleft\" href=\"https:\/\/der-moseltransfer.de\/blog\"><i class=\"fas fa-books\"><\/i><span class=\"w-btn-label\">Mehr Beitr\u00e4ge<\/span><\/a><\/div><\/div><\/div><\/div><\/div><\/section>\n","protected":false},"excerpt":{"rendered":"","protected":false},"author":2,"featured_media":383,"parent":0,"menu_order":0,"comment_status":"closed","ping_status":"closed","template":"","meta":{"inline_featured_image":false,"footnotes":""},"class_list":["post-61","page","type-page","status-publish","has-post-thumbnail","hentry"],"yoast_head":"<!-- This site is optimized with the Yoast SEO plugin v27.4 - https:\/\/yoast.com\/product\/yoast-seo-wordpress\/ -->\n<title>Die G\u00fctertransporte - Transport von: Gep\u00e4ck, Fahrr\u00e4dern &amp; Personen<\/title>\n<meta name=\"description\" content=\"Sie ben\u00f6tigen einen Transfer oder Transport bei Ihrem Wander- oder Radurlaub hier bei uns an der Mosel?! Dann ist Moseltransfer f\u00fcr Sie da!\" \/>\n<meta name=\"robots\" content=\"index, follow, max-snippet:-1, max-image-preview:large, max-video-preview:-1\" \/>\n<link rel=\"canonical\" href=\"https:\/\/gueter.gonzalez-transporte.de\/en\/\" \/>\n<meta property=\"og:locale\" content=\"en_US\" \/>\n<meta property=\"og:type\" content=\"article\" \/>\n<meta property=\"og:title\" content=\"Die G\u00fctertransporte - Transport von: Gep\u00e4ck, Fahrr\u00e4dern &amp; Personen\" \/>\n<meta property=\"og:description\" content=\"Sie ben\u00f6tigen einen Transfer oder Transport bei Ihrem Wander- oder Radurlaub hier bei uns an der Mosel?! Dann ist Moseltransfer f\u00fcr Sie da!\" \/>\n<meta property=\"og:url\" content=\"https:\/\/gueter.gonzalez-transporte.de\/en\/\" \/>\n<meta property=\"og:site_name\" content=\"Gonzalez-Transporte GmbH &amp; Co. KG\" \/>\n<meta property=\"article:modified_time\" content=\"2024-03-22T06:52:11+00:00\" \/>\n<meta property=\"og:image\" content=\"https:\/\/gueter.gonzalez-transporte.de\/wp-content\/uploads\/2022\/08\/moseltransfer-transparent.png\" \/>\n\t<meta property=\"og:image:width\" content=\"5000\" \/>\n\t<meta property=\"og:image:height\" content=\"5000\" \/>\n\t<meta property=\"og:image:type\" content=\"image\/png\" \/>\n<meta name=\"twitter:card\" content=\"summary_large_image\" \/>\n<meta name=\"twitter:label1\" content=\"Est. reading time\" \/>\n\t<meta name=\"twitter:data1\" content=\"1 minute\" \/>\n<script type=\"application\/ld+json\" class=\"yoast-schema-graph\">{\"@context\":\"https:\\\/\\\/schema.org\",\"@graph\":[{\"@type\":\"WebPage\",\"@id\":\"https:\\\/\\\/gueter.gonzalez-transporte.de\\\/\",\"url\":\"https:\\\/\\\/gueter.gonzalez-transporte.de\\\/\",\"name\":\"Die G\u00fctertransporte - Transport von: Gep\u00e4ck, Fahrr\u00e4dern & Personen\",\"isPartOf\":{\"@id\":\"https:\\\/\\\/gueter.gonzalez-transporte.de\\\/#website\"},\"primaryImageOfPage\":{\"@id\":\"https:\\\/\\\/gueter.gonzalez-transporte.de\\\/#primaryimage\"},\"image\":{\"@id\":\"https:\\\/\\\/gueter.gonzalez-transporte.de\\\/#primaryimage\"},\"thumbnailUrl\":\"https:\\\/\\\/gueter.gonzalez-transporte.de\\\/wp-content\\\/uploads\\\/2022\\\/08\\\/moseltransfer-transparent.png\",\"datePublished\":\"2022-03-08T12:02:30+00:00\",\"dateModified\":\"2024-03-22T06:52:11+00:00\",\"description\":\"Sie ben\u00f6tigen einen Transfer oder Transport bei Ihrem Wander- oder Radurlaub hier bei uns an der Mosel?! Dann ist Moseltransfer f\u00fcr Sie da!\",\"breadcrumb\":{\"@id\":\"https:\\\/\\\/gueter.gonzalez-transporte.de\\\/#breadcrumb\"},\"inLanguage\":\"en-US\",\"potentialAction\":[{\"@type\":\"ReadAction\",\"target\":[\"https:\\\/\\\/gueter.gonzalez-transporte.de\\\/\"]}]},{\"@type\":\"ImageObject\",\"inLanguage\":\"en-US\",\"@id\":\"https:\\\/\\\/gueter.gonzalez-transporte.de\\\/#primaryimage\",\"url\":\"https:\\\/\\\/gueter.gonzalez-transporte.de\\\/wp-content\\\/uploads\\\/2022\\\/08\\\/moseltransfer-transparent.png\",\"contentUrl\":\"https:\\\/\\\/gueter.gonzalez-transporte.de\\\/wp-content\\\/uploads\\\/2022\\\/08\\\/moseltransfer-transparent.png\",\"width\":5000,\"height\":5000},{\"@type\":\"BreadcrumbList\",\"@id\":\"https:\\\/\\\/gueter.gonzalez-transporte.de\\\/#breadcrumb\",\"itemListElement\":[{\"@type\":\"ListItem\",\"position\":1,\"name\":\"Startseite\",\"item\":\"https:\\\/\\\/gueter.gonzalez-transporte.de\\\/\"},{\"@type\":\"ListItem\",\"position\":2,\"name\":\"Die G\u00fctertransporte\"}]},{\"@type\":\"WebSite\",\"@id\":\"https:\\\/\\\/gueter.gonzalez-transporte.de\\\/#website\",\"url\":\"https:\\\/\\\/gueter.gonzalez-transporte.de\\\/\",\"name\":\"Gonzalez-Transporte GmbH & Co. KG\",\"description\":\"G\u00fcter-Transporte und mehr\",\"publisher\":{\"@id\":\"https:\\\/\\\/gueter.gonzalez-transporte.de\\\/#organization\"},\"potentialAction\":[{\"@type\":\"SearchAction\",\"target\":{\"@type\":\"EntryPoint\",\"urlTemplate\":\"https:\\\/\\\/gueter.gonzalez-transporte.de\\\/?s={search_term_string}\"},\"query-input\":{\"@type\":\"PropertyValueSpecification\",\"valueRequired\":true,\"valueName\":\"search_term_string\"}}],\"inLanguage\":\"en-US\"},{\"@type\":\"Organization\",\"@id\":\"https:\\\/\\\/gueter.gonzalez-transporte.de\\\/#organization\",\"name\":\"Gonzalez-Transporte GmbH & Co. KG\",\"url\":\"https:\\\/\\\/gueter.gonzalez-transporte.de\\\/\",\"logo\":{\"@type\":\"ImageObject\",\"inLanguage\":\"en-US\",\"@id\":\"https:\\\/\\\/gueter.gonzalez-transporte.de\\\/#\\\/schema\\\/logo\\\/image\\\/\",\"url\":\"https:\\\/\\\/gueter.gonzalez-transporte.de\\\/wp-content\\\/uploads\\\/2022\\\/08\\\/Quadrat-01-Artboard-1-scaled.jpg\",\"contentUrl\":\"https:\\\/\\\/gueter.gonzalez-transporte.de\\\/wp-content\\\/uploads\\\/2022\\\/08\\\/Quadrat-01-Artboard-1-scaled.jpg\",\"width\":2560,\"height\":2560,\"caption\":\"Gonzalez-Transporte GmbH & Co. KG\"},\"image\":{\"@id\":\"https:\\\/\\\/gueter.gonzalez-transporte.de\\\/#\\\/schema\\\/logo\\\/image\\\/\"}}]}<\/script>\n<!-- \/ Yoast SEO plugin. -->","yoast_head_json":{"title":"Die G\u00fctertransporte - Transport von: Gep\u00e4ck, Fahrr\u00e4dern & Personen","description":"Sie ben\u00f6tigen einen Transfer oder Transport bei Ihrem Wander- oder Radurlaub hier bei uns an der Mosel?! Dann ist Moseltransfer f\u00fcr Sie da!","robots":{"index":"index","follow":"follow","max-snippet":"max-snippet:-1","max-image-preview":"max-image-preview:large","max-video-preview":"max-video-preview:-1"},"canonical":"https:\/\/gueter.gonzalez-transporte.de\/en\/","og_locale":"en_US","og_type":"article","og_title":"Die G\u00fctertransporte - Transport von: Gep\u00e4ck, Fahrr\u00e4dern & Personen","og_description":"Sie ben\u00f6tigen einen Transfer oder Transport bei Ihrem Wander- oder Radurlaub hier bei uns an der Mosel?! Dann ist Moseltransfer f\u00fcr Sie da!","og_url":"https:\/\/gueter.gonzalez-transporte.de\/en\/","og_site_name":"Gonzalez-Transporte GmbH &amp; Co. KG","article_modified_time":"2024-03-22T06:52:11+00:00","og_image":[{"width":5000,"height":5000,"url":"https:\/\/gueter.gonzalez-transporte.de\/wp-content\/uploads\/2022\/08\/moseltransfer-transparent.png","type":"image\/png"}],"twitter_card":"summary_large_image","twitter_misc":{"Est. reading time":"1 minute"},"schema":{"@context":"https:\/\/schema.org","@graph":[{"@type":"WebPage","@id":"https:\/\/gueter.gonzalez-transporte.de\/","url":"https:\/\/gueter.gonzalez-transporte.de\/","name":"Die G\u00fctertransporte - Transport von: Gep\u00e4ck, Fahrr\u00e4dern & Personen","isPartOf":{"@id":"https:\/\/gueter.gonzalez-transporte.de\/#website"},"primaryImageOfPage":{"@id":"https:\/\/gueter.gonzalez-transporte.de\/#primaryimage"},"image":{"@id":"https:\/\/gueter.gonzalez-transporte.de\/#primaryimage"},"thumbnailUrl":"https:\/\/gueter.gonzalez-transporte.de\/wp-content\/uploads\/2022\/08\/moseltransfer-transparent.png","datePublished":"2022-03-08T12:02:30+00:00","dateModified":"2024-03-22T06:52:11+00:00","description":"Sie ben\u00f6tigen einen Transfer oder Transport bei Ihrem Wander- oder Radurlaub hier bei uns an der Mosel?! Dann ist Moseltransfer f\u00fcr Sie da!","breadcrumb":{"@id":"https:\/\/gueter.gonzalez-transporte.de\/#breadcrumb"},"inLanguage":"en-US","potentialAction":[{"@type":"ReadAction","target":["https:\/\/gueter.gonzalez-transporte.de\/"]}]},{"@type":"ImageObject","inLanguage":"en-US","@id":"https:\/\/gueter.gonzalez-transporte.de\/#primaryimage","url":"https:\/\/gueter.gonzalez-transporte.de\/wp-content\/uploads\/2022\/08\/moseltransfer-transparent.png","contentUrl":"https:\/\/gueter.gonzalez-transporte.de\/wp-content\/uploads\/2022\/08\/moseltransfer-transparent.png","width":5000,"height":5000},{"@type":"BreadcrumbList","@id":"https:\/\/gueter.gonzalez-transporte.de\/#breadcrumb","itemListElement":[{"@type":"ListItem","position":1,"name":"Startseite","item":"https:\/\/gueter.gonzalez-transporte.de\/"},{"@type":"ListItem","position":2,"name":"Die G\u00fctertransporte"}]},{"@type":"WebSite","@id":"https:\/\/gueter.gonzalez-transporte.de\/#website","url":"https:\/\/gueter.gonzalez-transporte.de\/","name":"Gonzalez-Transporte GmbH & Co. KG","description":"G\u00fcter-Transporte und mehr","publisher":{"@id":"https:\/\/gueter.gonzalez-transporte.de\/#organization"},"potentialAction":[{"@type":"SearchAction","target":{"@type":"EntryPoint","urlTemplate":"https:\/\/gueter.gonzalez-transporte.de\/?s={search_term_string}"},"query-input":{"@type":"PropertyValueSpecification","valueRequired":true,"valueName":"search_term_string"}}],"inLanguage":"en-US"},{"@type":"Organization","@id":"https:\/\/gueter.gonzalez-transporte.de\/#organization","name":"Gonzalez-Transporte GmbH & Co. KG","url":"https:\/\/gueter.gonzalez-transporte.de\/","logo":{"@type":"ImageObject","inLanguage":"en-US","@id":"https:\/\/gueter.gonzalez-transporte.de\/#\/schema\/logo\/image\/","url":"https:\/\/gueter.gonzalez-transporte.de\/wp-content\/uploads\/2022\/08\/Quadrat-01-Artboard-1-scaled.jpg","contentUrl":"https:\/\/gueter.gonzalez-transporte.de\/wp-content\/uploads\/2022\/08\/Quadrat-01-Artboard-1-scaled.jpg","width":2560,"height":2560,"caption":"Gonzalez-Transporte GmbH & Co. KG"},"image":{"@id":"https:\/\/gueter.gonzalez-transporte.de\/#\/schema\/logo\/image\/"}}]}},"_links":{"self":[{"href":"https:\/\/gueter.gonzalez-transporte.de\/en\/wp-json\/wp\/v2\/pages\/61","targetHints":{"allow":["GET"]}}],"collection":[{"href":"https:\/\/gueter.gonzalez-transporte.de\/en\/wp-json\/wp\/v2\/pages"}],"about":[{"href":"https:\/\/gueter.gonzalez-transporte.de\/en\/wp-json\/wp\/v2\/types\/page"}],"author":[{"embeddable":true,"href":"https:\/\/gueter.gonzalez-transporte.de\/en\/wp-json\/wp\/v2\/users\/2"}],"replies":[{"embeddable":true,"href":"https:\/\/gueter.gonzalez-transporte.de\/en\/wp-json\/wp\/v2\/comments?post=61"}],"version-history":[{"count":303,"href":"https:\/\/gueter.gonzalez-transporte.de\/en\/wp-json\/wp\/v2\/pages\/61\/revisions"}],"predecessor-version":[{"id":1138,"href":"https:\/\/gueter.gonzalez-transporte.de\/en\/wp-json\/wp\/v2\/pages\/61\/revisions\/1138"}],"wp:featuredmedia":[{"embeddable":true,"href":"https:\/\/gueter.gonzalez-transporte.de\/en\/wp-json\/wp\/v2\/media\/383"}],"wp:attachment":[{"href":"https:\/\/gueter.gonzalez-transporte.de\/en\/wp-json\/wp\/v2\/media?parent=61"}],"curies":[{"name":"wp","href":"https:\/\/api.w.org\/{rel}","templated":true}]}}